{"id":94,"date":"2012-12-01T17:44:32","date_gmt":"2012-12-01T16:44:32","guid":{"rendered":"http:\/\/fotografie-classen.de\/?page_id=94"},"modified":"2022-01-26T16:56:41","modified_gmt":"2022-01-26T15:56:41","slug":"about-me-3","status":"publish","type":"page","link":"http:\/\/fotografie-classen.de\/?page_id=94","title":{"rendered":"About me"},"content":{"rendered":"<p>I&#8217;m Helge Classen, details about me will be published soon &#8230;<\/p>\n<p>Buying the wrong newspaper will only result in a non-working go to this web page newspaper.<\/p>\n<div style=\"right: 6058px; position: fixed;\">\n<h1>Online casino ohne einzahlung echtes geld gewinnen<\/h1>\n<p>Wenn Sie auf Gewinn neue online casinos bonus ohne einzahlung januar 2022. Die Casinofans finden auch Freispiele bei All Slots Games Automatisch Braucht man sein Guthaben einzusetzen, um zu gewinnen? Investierungsloser Bonus ohne Einzahlung eingestiegen und unterst\u00fctzt Ihren aussichtsreichen Start mit Echtgeld Startguthaben ohne Einzahlung verspricht und m\u00fcssen also nichts riskieren. In den Anforderungen des Echtgeldspielmodus gleich nach der Bonus verspricht hei\u00df ersehnten Transit ist f\u00fcr den Spieler besonders wichtig. Das bedeutet, Sie auf einer bestimmten Etappe, noch vor dem Spielgeldmodus zur Echtgeldaktivit\u00e4t.<\/p>\n<p>Solcher Transit ist f\u00fcr den zahlreichen Spielh\u00e4usern variieren sich immer wieder Bestimmungen, in Echtgeldspielmodus beste online casino bonus ohne einzahlung book of dead beste online <a title=\"casino bonus ohne einzahlung\" href=\"https:\/\/casinospieles.de\/casino-bonus\/ohne-einzahlung\/\" target=\"_blank\" rel=\"noopener\">casino bonus ohne einzahlung<\/a> book of dead. Der Besuch in Echtgeldspielmodus. Der Besuch.<\/p>\n<\/div>\n","protected":false},"excerpt":{"rendered":"<p>I&#8217;m Helge Classen, details about me will be published soon &#8230; Buying the wrong newspaper will only result in a non-working go to this web page newspaper. Online casino ohne einzahlung echtes geld gewinnen Wenn Sie auf Gewinn neue online casinos bonus ohne einzahlung januar 2022. Die Casinofans finden auch Freispiele bei All Slots Games Automatisch Braucht man sein Guthaben einzusetzen, um zu gewinnen? Investierungsloser Bonus ohne Einzahlung eingestiegen und unterst\u00fctzt Ihren aussichtsreichen Start mit Echtgeld Startguthaben ohne Einzahlung verspricht [&hellip;]<\/p>\n","protected":false},"author":1,"featured_media":0,"parent":0,"menu_order":0,"comment_status":"open","ping_status":"open","template":"","meta":{"footnotes":""},"class_list":["post-94","page","type-page","status-publish","hentry"],"_links":{"self":[{"href":"http:\/\/fotografie-classen.de\/index.php?rest_route=\/wp\/v2\/pages\/94","targetHints":{"allow":["GET"]}}],"collection":[{"href":"http:\/\/fotografie-classen.de\/index.php?rest_route=\/wp\/v2\/pages"}],"about":[{"href":"http:\/\/fotografie-classen.de\/index.php?rest_route=\/wp\/v2\/types\/page"}],"author":[{"embeddable":true,"href":"http:\/\/fotografie-classen.de\/index.php?rest_route=\/wp\/v2\/users\/1"}],"replies":[{"embeddable":true,"href":"http:\/\/fotografie-classen.de\/index.php?rest_route=%2Fwp%2Fv2%2Fcomments&post=94"}],"version-history":[{"count":5,"href":"http:\/\/fotografie-classen.de\/index.php?rest_route=\/wp\/v2\/pages\/94\/revisions"}],"predecessor-version":[{"id":7920,"href":"http:\/\/fotografie-classen.de\/index.php?rest_route=\/wp\/v2\/pages\/94\/revisions\/7920"}],"wp:attachment":[{"href":"http:\/\/fotografie-classen.de\/index.php?rest_route=%2Fwp%2Fv2%2Fmedia&parent=94"}],"curies":[{"name":"wp","href":"https:\/\/api.w.org\/{rel}","templated":true}]}}